{"id":35,"date":"2021-10-01T08:46:35","date_gmt":"2021-10-01T08:46:35","guid":{"rendered":"https:\/\/pec-tikves.pp-kopacki-rit.hr\/?page_id=35"},"modified":"2022-07-25T14:17:49","modified_gmt":"2022-07-25T14:17:49","slug":"istrazi-tikves","status":"publish","type":"page","link":"https:\/\/pec-tikves.pp-kopacki-rit.hr\/en\/istrazi-tikves\/","title":{"rendered":"Explore Tikve\u0161"},"content":{"rendered":"<div data-elementor-type=\"wp-page\" data-elementor-id=\"35\" class=\"elementor elementor-35\">\n\t\t\t\t\t\t\t\t\t<section class=\"elementor-section elementor-top-section elementor-element elementor-element-5cf6e5b elementor-section-boxed elementor-section-height-default elementor-section-height-default\" data-id=\"5cf6e5b\" data-element_type=\"section\">\n\t\t\t\t\t\t<div class=\"elementor-container elementor-column-gap-default\">\n\t\t\t\t\t<div class=\"elementor-column elementor-col-100 elementor-top-column elementor-element elementor-element-c7978d9\" data-id=\"c7978d9\" data-element_type=\"column\">\n\t\t\t<div class=\"elementor-widget-wrap elementor-element-populated\">\n\t\t\t\t\t\t\t\t<div class=\"elementor-element elementor-element-7091e92 elementor-widget elementor-widget-heading\" data-id=\"7091e92\" data-element_type=\"widget\" data-widget_type=\"heading.default\">\n\t\t\t\t<div class=\"elementor-widget-container\">\n\t\t\t<style>\/*! elementor - v3.6.7 - 03-07-2022 *\/\n.elementor-heading-title{padding:0;margin:0;line-height:1}.elementor-widget-heading .elementor-heading-title[class*=elementor-size-]>a{color:inherit;font-size:inherit;line-height:inherit}.elementor-widget-heading .elementor-heading-title.elementor-size-small{font-size:15px}.elementor-widget-heading .elementor-heading-title.elementor-size-medium{font-size:19px}.elementor-widget-heading .elementor-heading-title.elementor-size-large{font-size:29px}.elementor-widget-heading .elementor-heading-title.elementor-size-xl{font-size:39px}.elementor-widget-heading .elementor-heading-title.elementor-size-xxl{font-size:59px}<\/style><h2 class=\"elementor-heading-title elementor-size-default\">EXPLORE TIKVE\u0160<\/h2>\t\t<\/div>\n\t\t\t\t<\/div>\n\t\t\t\t<div class=\"elementor-element elementor-element-d4ed346 elementor-widget elementor-widget-text-editor\" data-id=\"d4ed346\" data-element_type=\"widget\" data-widget_type=\"text-editor.default\">\n\t\t\t\t<div class=\"elementor-widget-container\">\n\t\t\t<style>\/*! elementor - v3.6.7 - 03-07-2022 *\/\n.elementor-widget-text-editor.elementor-drop-cap-view-stacked .elementor-drop-cap{background-color:#818a91;color:#fff}.elementor-widget-text-editor.elementor-drop-cap-view-framed .elementor-drop-cap{color:#818a91;border:3px solid;background-color:transparent}.elementor-widget-text-editor:not(.elementor-drop-cap-view-default) .elementor-drop-cap{margin-top:8px}.elementor-widget-text-editor:not(.elementor-drop-cap-view-default) .elementor-drop-cap-letter{width:1em;height:1em}.elementor-widget-text-editor .elementor-drop-cap{float:left;text-align:center;line-height:1;font-size:50px}.elementor-widget-text-editor .elementor-drop-cap-letter{display:inline-block}<\/style>\t\t\t\t<p>Explore the layout and content we offer.<\/p><p>Click on an object in the map to explore it.-<\/p>\t\t\t\t\t\t<\/div>\n\t\t\t\t<\/div>\n\t\t\t\t\t<\/div>\n\t\t<\/div>\n\t\t\t\t\t\t\t<\/div>\n\t\t<\/section>\n\t\t\t\t<section class=\"elementor-section elementor-top-section elementor-element elementor-element-9304776 elementor-section-boxed elementor-section-height-default elementor-section-height-default\" data-id=\"9304776\" data-element_type=\"section\">\n\t\t\t\t\t\t<div class=\"elementor-container elementor-column-gap-default\">\n\t\t\t\t\t<div class=\"elementor-column elementor-col-100 elementor-top-column elementor-element elementor-element-e665305\" data-id=\"e665305\" data-element_type=\"column\">\n\t\t\t<div class=\"elementor-widget-wrap elementor-element-populated\">\n\t\t\t\t\t\t\t\t<div class=\"elementor-element elementor-element-a48f55a elementor-widget elementor-widget-shortcode\" data-id=\"a48f55a\" data-element_type=\"widget\" data-widget_type=\"shortcode.default\">\n\t\t\t\t<div class=\"elementor-widget-container\">\n\t\t\t\t\t<div class=\"elementor-shortcode\">\r\n        <div class=\"map-container\">\r\n            <div class=\"pan-zoom-div\">\r\n                <div id=\"element\" class=\"map-wrapper-div\">\r\n                    <div class=\"interactive-map-point-1\">\r\n                        <div class=\"interactive-map-icon-1\"><\/div>\r\n                        <div class=\"interactive-map-content\"><\/div>\r\n                    <\/div>\r\n\r\n                    <div class=\"interactive-map-point-2\">\r\n                        <div class=\"interactive-map-icon-2\"><\/div>\r\n                        <div class=\"interactive-map-content\"><\/div>\r\n                    <\/div>\r\n\r\n                    <div class=\"interactive-map-point-3\">\r\n                        <div class=\"interactive-map-icon-3\"><\/div>\r\n                        <div class=\"interactive-map-content\"><\/div>\r\n                    <\/div>\r\n\r\n                    <div class=\"interactive-map-point-4\">\r\n                        <div class=\"interactive-map-icon-4\"><\/div>\r\n                        <div class=\"interactive-map-content\"><\/div>\r\n                    <\/div>\r\n\r\n                    <div class=\"interactive-map-point-5\">\r\n                        <div class=\"interactive-map-icon-5\"><\/div>\r\n                        <div class=\"interactive-map-content\"><\/div>\r\n                    <\/div>\r\n                <\/div>\r\n            <\/div>\r\n\r\n\r\n            <div class=\"map-content-wrapper\">\r\n                <div class=\"map-content-1-wrapper map-content-active\">\r\n                    <div class=\"map-content-inner-wrapper\">\r\n                        <div class=\"map-content-title\">ANNEX<\/div>\r\n                        <img decoding=\"async\"  src=\"https:\/\/pec-tikves.pp-kopacki-rit.hr\/wp-content\/themes\/tikves-theme\/images\/map\/mapimage1.jpg\" class=\"map-content-image\"\/>\r\n                        <div class=\"map-content-text\"><p><strong>Annex is the starting point. <\/strong><\/p>\r\n                        <p><strong>Here you can buy tickets, souvenires and get all the informations you need. <\/strong><\/p>\r\n                        <p>After World War II, the Tikve\u0161 Castle and surrounding hunting grounds were nationalized and used by the long reigning Yugoslavian president Josip Broz Tito.<\/p>\r\n                        <p>In the period than followed many international statesmen visited the castel. Because of the protocol, wich does not alow the presidents of two states  to reside in the same building, ahead of the visit of the French president in 1972, a modern addition\/annex in the shape of an octagon was added to the historicistic castle.<\/p>\r\n                        <p>The Annex of the New Historicist Castle is converted into a natural science exhibition.<\/p><\/div>\r\n                    <\/div>\r\n                <\/div>\r\n\r\n\r\n                <div class=\"map-content-2-wrapper\">\r\n                    <div class=\"map-content-inner-wrapper\">\r\n                        <div class=\"map-content-title\">NEW HISTORICISTIC CASTLE<\/div>\r\n                        <img decoding=\"async\"  src=\"https:\/\/pec-tikves.pp-kopacki-rit.hr\/wp-content\/themes\/tikves-theme\/images\/map\/mapimage2.jpg\" class=\"map-content-image\"\/>\r\n                        <div class=\"map-content-text\"><p><strong>The exhibition of history and natural sciences distributed throughout the New historicistic castle can be reached from the Annex.<\/strong><\/p>\r\n                        <p><strong>&nbsp;<\/strong><\/p>\r\n                        <p>The new historicistic castle was built under the order of the Habsburgs archduke Friedrich at the end of the 19th century. The reason for the construction was not having enough space in the existing castle in Bilje.<\/p>\r\n                        <p>The representative castle was constructed on an elevated embankment plateau. The features of its style demonstrate that the casle was built in a historicist romantic spirit in the late 19th century.<\/p>\r\n                        <p>The castle was built with bricks and the facades are decorated with simple historicist decorations.<\/p>\r\n                        <p>In the 1970s a recent addition was added to the ground floor, i.e., a communication tract connecting the castle with a separate annex.<\/p>\r\n                        <p>The New historicistic castle is converted into an exibition of history and natural sciences.<\/p><\/div>\r\n                    <\/div>\r\n                <\/div>\r\n                <div class=\"map-content-3-wrapper\">\r\n                    <div class=\"map-content-inner-wrapper\">\r\n                        <div class=\"map-content-title\">COUNTRY VILLA \/ OLD CASTLE<\/div>\r\n                        <img decoding=\"async\"  src=\"https:\/\/pec-tikves.pp-kopacki-rit.hr\/wp-content\/themes\/tikves-theme\/images\/map\/mapimage3.jpg\" class=\"map-content-image\"\/>\r\n                        <div class=\"map-content-text\"><p><strong>The County Villa, also known as the \u201ehunting lodge\u201c or the Old Castle, is a a monumental building of the residential and hunting complex Tikve\u0161.<\/strong><\/p>\r\n                        <p>According to its layout it is a two story building with neo-romantic features. By its stylistic features it should be described as a manor, villa or a hunting lodge of the countryside architecture, likes of which were built at the end of the 20th century.<\/p>\r\n                        <p>The preserved maps show that there were multiple versions of the solutions made for the construction of this country-side architecturalpiece. The adopted solution was made in 1903, so the building construction should also be dated at the same time.<\/p>\r\n                        <p>The main facade has an engraved mark of the highest water level from 1926 above the dor, when most areas in North-east Baranja were flooded after the breach of the dam.<\/p>\r\n                        <p>The Country Villa is converted into a nature exhibition. Most of the ground floor is a space in which you can move in a circle on a stylized path resembling the wooden paths in Kopacki rit. Visitors can experience the world of mammals, birds, reptiles amphibians and insects.<\/p>\r\n                        <p>In a smaller part of the ground floor visitors can experience fish fauna with the help of VR imaging.<\/p><\/div>\r\n                    <\/div>\r\n                <\/div>\r\n\r\n                <div class=\"map-content-4-wrapper\">\r\n                    <div class=\"map-content-inner-wrapper\">\r\n                        <div class=\"map-content-title\">TIKVE\u0160 COMPLEX CHAPEL<\/div>\r\n                        <img decoding=\"async\"  src=\"https:\/\/pec-tikves.pp-kopacki-rit.hr\/wp-content\/themes\/tikves-theme\/images\/map\/mapimage4.jpg\" class=\"map-content-image\"\/>\r\n                        <div class=\"map-content-text\"><p><strong>One of the significant buildings of the residential architectonic complex, which is not a piece of profane architecture, is the little historicistic chapel.&nbsp;<\/strong>obitelji Teschen.<\/p>\r\n                        <p>An old photograph from 1910 shows that it is a relatively modest sacral object. The chapel was built out of bricks and constructed with broken rocks.<sup>2<\/sup>.<\/p>\r\n                        <p>In 2003 the chapel was renamed into the chapel of the Papal blessing, because in the same year pope John Paul II visited Croatia and Osijek, and during a celebration of the Eucharist blessed an object, i.e., a carved book of the Papal blessing with verses dedicated to all lovers of nature and to all dedicated to the protection of nature.<\/p><\/div>\r\n                    <\/div>\r\n                <\/div>\r\n\r\n\r\n                <div class=\"map-content-5-wrapper\">\r\n                    <div class=\"map-content-inner-wrapper\">\r\n                        <div class=\"map-content-title\">BIOECOLOGICAL STATION IN THE TIKVE\u0160 COMPLEX<\/div>\r\n                        <img decoding=\"async\"  src=\"https:\/\/pec-tikves.pp-kopacki-rit.hr\/wp-content\/themes\/tikves-theme\/images\/map\/mapimage5.jpg\" class=\"map-content-image\"\/>\r\n                        <div class=\"map-content-text\"><p>The object was built in the beginning of the 20th century and served as a residential object for the staff of the Complex. During the visits of statesmen, it was used as a military barrack for the on-duty soldiers\/guards.<\/p>\r\n                        <p>The bioecological station is located on the southwest of the Castle as an independent object, with its wider side spreading in the south-west direction. The building is dominated by a wooden porch going all the way around the ground and first floors.<\/p>\r\n                        <p>The buiding has an elevated ground floor and a first floor total surface of 677<sup>2<\/sup>.<\/p><\/div>\r\n                    <\/div>\r\n                <\/div>\r\n                \r\n\r\n            <\/div>\r\n        <\/div>\r\n    <\/div>\n\t\t\t\t<\/div>\n\t\t\t\t<\/div>\n\t\t\t\t\t<\/div>\n\t\t<\/div>\n\t\t\t\t\t\t\t<\/div>\n\t\t<\/section>\n\t\t\t\t\t\t\t<\/div>","protected":false},"excerpt":{"rendered":"<p>OBILAZAK PREZENTACIJSKO EDUKACIJSKOG CENTRA &#8211; ISTRA\u017dITE POSTAV I OKOLI\u0160 Istra\u017eite postav i [&hellip;]<\/p>","protected":false},"author":1,"featured_media":0,"parent":0,"menu_order":0,"comment_status":"closed","ping_status":"closed","template":"template-regular.php","meta":{"inline_featured_image":false,"_vp_format_video_url":"","_vp_image_focal_point":[],"footnotes":""},"class_list":["post-35","page","type-page","status-publish","hentry"],"aioseo_notices":[],"_links":{"self":[{"href":"https:\/\/pec-tikves.pp-kopacki-rit.hr\/en\/wp-json\/wp\/v2\/pages\/35","targetHints":{"allow":["GET"]}}],"collection":[{"href":"https:\/\/pec-tikves.pp-kopacki-rit.hr\/en\/wp-json\/wp\/v2\/pages"}],"about":[{"href":"https:\/\/pec-tikves.pp-kopacki-rit.hr\/en\/wp-json\/wp\/v2\/types\/page"}],"author":[{"embeddable":true,"href":"https:\/\/pec-tikves.pp-kopacki-rit.hr\/en\/wp-json\/wp\/v2\/users\/1"}],"replies":[{"embeddable":true,"href":"https:\/\/pec-tikves.pp-kopacki-rit.hr\/en\/wp-json\/wp\/v2\/comments?post=35"}],"version-history":[{"count":14,"href":"https:\/\/pec-tikves.pp-kopacki-rit.hr\/en\/wp-json\/wp\/v2\/pages\/35\/revisions"}],"predecessor-version":[{"id":618,"href":"https:\/\/pec-tikves.pp-kopacki-rit.hr\/en\/wp-json\/wp\/v2\/pages\/35\/revisions\/618"}],"wp:attachment":[{"href":"https:\/\/pec-tikves.pp-kopacki-rit.hr\/en\/wp-json\/wp\/v2\/media?parent=35"}],"curies":[{"name":"wp","href":"https:\/\/api.w.org\/{rel}","templated":true}]}}