{"id":478,"date":"2022-03-28T08:07:30","date_gmt":"2022-03-28T08:07:30","guid":{"rendered":"https:\/\/pec-tikves.pp-kopacki-rit.hr\/?page_id=478"},"modified":"2022-08-09T14:24:47","modified_gmt":"2022-08-09T14:24:47","slug":"pravila-ponasanja","status":"publish","type":"page","link":"https:\/\/pec-tikves.pp-kopacki-rit.hr\/en\/pravila-ponasanja\/","title":{"rendered":"Code of conduct"},"content":{"rendered":"<div data-elementor-type=\"wp-page\" data-elementor-id=\"478\" class=\"elementor elementor-478\">\n\t\t\t\t\t\t\t\t\t<section class=\"elementor-section elementor-top-section elementor-element elementor-element-95d2326 elementor-section-boxed elementor-section-height-default elementor-section-height-default\" data-id=\"95d2326\" data-element_type=\"section\">\n\t\t\t\t\t\t<div class=\"elementor-container elementor-column-gap-default\">\n\t\t\t\t\t<div class=\"elementor-column elementor-col-33 elementor-top-column elementor-element elementor-element-ddd59ce\" data-id=\"ddd59ce\" data-element_type=\"column\">\n\t\t\t<div class=\"elementor-widget-wrap elementor-element-populated\">\n\t\t\t\t\t\t\t\t<div class=\"elementor-element elementor-element-298068c elementor-position-top elementor-vertical-align-top elementor-widget elementor-widget-image-box\" data-id=\"298068c\" data-element_type=\"widget\" data-widget_type=\"image-box.default\">\n\t\t\t\t<div class=\"elementor-widget-container\">\n\t\t\t<style>\/*! elementor - v3.6.7 - 03-07-2022 *\/\n.elementor-widget-image-box .elementor-image-box-content{width:100%}@media (min-width:768px){.elementor-widget-image-box.elementor-position-left .elementor-image-box-wrapper,.elementor-widget-image-box.elementor-position-right .elementor-image-box-wrapper{display:-webkit-box;display:-ms-flexbox;display:flex}.elementor-widget-image-box.elementor-position-right .elementor-image-box-wrapper{text-align:right;-webkit-box-orient:horizontal;-webkit-box-direction:reverse;-ms-flex-direction:row-reverse;flex-direction:row-reverse}.elementor-widget-image-box.elementor-position-left .elementor-image-box-wrapper{text-align:left;-webkit-box-orient:horizontal;-webkit-box-direction:normal;-ms-flex-direction:row;flex-direction:row}.elementor-widget-image-box.elementor-position-top .elementor-image-box-img{margin:auto}.elementor-widget-image-box.elementor-vertical-align-top .elementor-image-box-wrapper{-webkit-box-align:start;-ms-flex-align:start;align-items:flex-start}.elementor-widget-image-box.elementor-vertical-align-middle .elementor-image-box-wrapper{-webkit-box-align:center;-ms-flex-align:center;align-items:center}.elementor-widget-image-box.elementor-vertical-align-bottom .elementor-image-box-wrapper{-webkit-box-align:end;-ms-flex-align:end;align-items:flex-end}}@media (max-width:767px){.elementor-widget-image-box .elementor-image-box-img{margin-left:auto!important;margin-right:auto!important;margin-bottom:15px}}.elementor-widget-image-box .elementor-image-box-img{display:inline-block}.elementor-widget-image-box .elementor-image-box-title a{color:inherit}.elementor-widget-image-box .elementor-image-box-wrapper{text-align:center}.elementor-widget-image-box .elementor-image-box-description{margin:0}<\/style><div class=\"elementor-image-box-wrapper\"><figure class=\"elementor-image-box-img\"><img loading=\"lazy\" decoding=\"async\" width=\"48\" height=\"48\" src=\"https:\/\/pec-tikves.pp-kopacki-rit.hr\/wp-content\/uploads\/2022\/08\/food-off.png\" class=\"attachment-full size-full\" alt=\"\" \/><\/figure><div class=\"elementor-image-box-content\"><h3 class=\"elementor-image-box-title\">It is not allowed to bring food and drinks into the lineups<\/h3><\/div><\/div>\t\t<\/div>\n\t\t\t\t<\/div>\n\t\t\t\t\t<\/div>\n\t\t<\/div>\n\t\t\t\t<div class=\"elementor-column elementor-col-33 elementor-top-column elementor-element elementor-element-34de7cf\" data-id=\"34de7cf\" data-element_type=\"column\">\n\t\t\t<div class=\"elementor-widget-wrap elementor-element-populated\">\n\t\t\t\t\t\t\t\t<div class=\"elementor-element elementor-element-4169b4d elementor-position-top elementor-vertical-align-top elementor-widget elementor-widget-image-box\" data-id=\"4169b4d\" data-element_type=\"widget\" data-widget_type=\"image-box.default\">\n\t\t\t\t<div class=\"elementor-widget-container\">\n\t\t\t<div class=\"elementor-image-box-wrapper\"><figure class=\"elementor-image-box-img\"><img loading=\"lazy\" decoding=\"async\" width=\"48\" height=\"48\" src=\"https:\/\/pec-tikves.pp-kopacki-rit.hr\/wp-content\/uploads\/2022\/08\/dog-side-off.png\" class=\"attachment-full size-full\" alt=\"\" \/><\/figure><div class=\"elementor-image-box-content\"><h3 class=\"elementor-image-box-title\"> Pets are not allowed<\/h3><\/div><\/div>\t\t<\/div>\n\t\t\t\t<\/div>\n\t\t\t\t\t<\/div>\n\t\t<\/div>\n\t\t\t\t<div class=\"elementor-column elementor-col-33 elementor-top-column elementor-element elementor-element-91bfa2c\" data-id=\"91bfa2c\" data-element_type=\"column\">\n\t\t\t<div class=\"elementor-widget-wrap elementor-element-populated\">\n\t\t\t\t\t\t\t\t<div class=\"elementor-element elementor-element-be3be73 elementor-position-top elementor-vertical-align-top elementor-widget elementor-widget-image-box\" data-id=\"be3be73\" data-element_type=\"widget\" data-widget_type=\"image-box.default\">\n\t\t\t\t<div class=\"elementor-widget-container\">\n\t\t\t<div class=\"elementor-image-box-wrapper\"><figure class=\"elementor-image-box-img\"><img loading=\"lazy\" decoding=\"async\" width=\"48\" height=\"48\" src=\"https:\/\/pec-tikves.pp-kopacki-rit.hr\/wp-content\/uploads\/2022\/08\/roller-skate-off.png\" class=\"attachment-full size-full\" alt=\"\" \/><\/figure><div class=\"elementor-image-box-content\"><h3 class=\"elementor-image-box-title\"> It is not allowed to move on rollers and similar vehicles<\/h3><\/div><\/div>\t\t<\/div>\n\t\t\t\t<\/div>\n\t\t\t\t\t<\/div>\n\t\t<\/div>\n\t\t\t\t\t\t\t<\/div>\n\t\t<\/section>\n\t\t\t\t<section class=\"elementor-section elementor-top-section elementor-element elementor-element-c7f203e elementor-section-boxed elementor-section-height-default elementor-section-height-default\" data-id=\"c7f203e\" data-element_type=\"section\">\n\t\t\t\t\t\t<div class=\"elementor-container elementor-column-gap-default\">\n\t\t\t\t\t<div class=\"elementor-column elementor-col-33 elementor-top-column elementor-element elementor-element-e2ddb9e\" data-id=\"e2ddb9e\" data-element_type=\"column\">\n\t\t\t<div class=\"elementor-widget-wrap elementor-element-populated\">\n\t\t\t\t\t\t\t\t<div class=\"elementor-element elementor-element-caec61d elementor-position-top elementor-vertical-align-top elementor-widget elementor-widget-image-box\" data-id=\"caec61d\" data-element_type=\"widget\" data-widget_type=\"image-box.default\">\n\t\t\t\t<div class=\"elementor-widget-container\">\n\t\t\t<div class=\"elementor-image-box-wrapper\"><figure class=\"elementor-image-box-img\"><img loading=\"lazy\" decoding=\"async\" width=\"48\" height=\"48\" src=\"https:\/\/pec-tikves.pp-kopacki-rit.hr\/wp-content\/uploads\/2022\/08\/smoking-off.png\" class=\"attachment-full size-full\" alt=\"\" \/><\/figure><div class=\"elementor-image-box-content\"><h3 class=\"elementor-image-box-title\"> Smoking is not allowed<\/h3><\/div><\/div>\t\t<\/div>\n\t\t\t\t<\/div>\n\t\t\t\t\t<\/div>\n\t\t<\/div>\n\t\t\t\t<div class=\"elementor-column elementor-col-33 elementor-top-column elementor-element elementor-element-6779389\" data-id=\"6779389\" data-element_type=\"column\">\n\t\t\t<div class=\"elementor-widget-wrap elementor-element-populated\">\n\t\t\t\t\t\t\t\t<div class=\"elementor-element elementor-element-a83300e elementor-position-top elementor-vertical-align-top elementor-widget elementor-widget-image-box\" data-id=\"a83300e\" data-element_type=\"widget\" data-widget_type=\"image-box.default\">\n\t\t\t\t<div class=\"elementor-widget-container\">\n\t\t\t<div class=\"elementor-image-box-wrapper\"><figure class=\"elementor-image-box-img\"><img loading=\"lazy\" decoding=\"async\" width=\"48\" height=\"48\" src=\"https:\/\/pec-tikves.pp-kopacki-rit.hr\/wp-content\/uploads\/2022\/08\/delete.png\" class=\"attachment-full size-full\" alt=\"\" \/><\/figure><div class=\"elementor-image-box-content\"><h3 class=\"elementor-image-box-title\">Garbage should be thrown in the trash cans<\/h3><\/div><\/div>\t\t<\/div>\n\t\t\t\t<\/div>\n\t\t\t\t\t<\/div>\n\t\t<\/div>\n\t\t\t\t<div class=\"elementor-column elementor-col-33 elementor-top-column elementor-element elementor-element-d405e9d\" data-id=\"d405e9d\" data-element_type=\"column\">\n\t\t\t<div class=\"elementor-widget-wrap elementor-element-populated\">\n\t\t\t\t\t\t\t\t<div class=\"elementor-element elementor-element-d346735 elementor-position-top elementor-vertical-align-top elementor-widget elementor-widget-image-box\" data-id=\"d346735\" data-element_type=\"widget\" data-widget_type=\"image-box.default\">\n\t\t\t\t<div class=\"elementor-widget-container\">\n\t\t\t<div class=\"elementor-image-box-wrapper\"><figure class=\"elementor-image-box-img\"><img loading=\"lazy\" decoding=\"async\" width=\"48\" height=\"48\" src=\"https:\/\/pec-tikves.pp-kopacki-rit.hr\/wp-content\/uploads\/2022\/08\/alert.png\" class=\"attachment-full size-full\" alt=\"\" \/><\/figure><div class=\"elementor-image-box-content\"><h3 class=\"elementor-image-box-title\"> Be careful if the floor is slippery!<\/h3><\/div><\/div>\t\t<\/div>\n\t\t\t\t<\/div>\n\t\t\t\t\t<\/div>\n\t\t<\/div>\n\t\t\t\t\t\t\t<\/div>\n\t\t<\/section>\n\t\t\t\t<section class=\"elementor-section elementor-top-section elementor-element elementor-element-16e728a elementor-section-boxed elementor-section-height-default elementor-section-height-default\" data-id=\"16e728a\" data-element_type=\"section\">\n\t\t\t\t\t\t<div class=\"elementor-container elementor-column-gap-default\">\n\t\t\t\t\t<div class=\"elementor-column elementor-col-100 elementor-top-column elementor-element elementor-element-a52cf84\" data-id=\"a52cf84\" data-element_type=\"column\">\n\t\t\t<div class=\"elementor-widget-wrap elementor-element-populated\">\n\t\t\t\t\t\t\t\t<div class=\"elementor-element elementor-element-5a8877d elementor-position-top elementor-vertical-align-top elementor-widget elementor-widget-image-box\" data-id=\"5a8877d\" data-element_type=\"widget\" data-widget_type=\"image-box.default\">\n\t\t\t\t<div class=\"elementor-widget-container\">\n\t\t\t<div class=\"elementor-image-box-wrapper\"><figure class=\"elementor-image-box-img\"><img loading=\"lazy\" decoding=\"async\" width=\"48\" height=\"48\" src=\"https:\/\/pec-tikves.pp-kopacki-rit.hr\/wp-content\/uploads\/2022\/08\/monitor.png\" class=\"attachment-full size-full\" alt=\"\" \/><\/figure><div class=\"elementor-image-box-content\"><h3 class=\"elementor-image-box-title\"> Please use interactive panels, VR glasses and audio guides carefully. Destruction of exhibits is not allowed!<\/h3><\/div><\/div>\t\t<\/div>\n\t\t\t\t<\/div>\n\t\t\t\t\t<\/div>\n\t\t<\/div>\n\t\t\t\t\t\t\t<\/div>\n\t\t<\/section>\n\t\t\t\t<section class=\"elementor-section elementor-top-section elementor-element elementor-element-16fdc16 elementor-section-boxed elementor-section-height-default elementor-section-height-default\" data-id=\"16fdc16\" data-element_type=\"section\">\n\t\t\t\t\t\t<div class=\"elementor-container elementor-column-gap-default\">\n\t\t\t\t\t<div class=\"elementor-column elementor-col-50 elementor-top-column elementor-element elementor-element-182ac18\" data-id=\"182ac18\" data-element_type=\"column\">\n\t\t\t<div class=\"elementor-widget-wrap elementor-element-populated\">\n\t\t\t\t\t\t\t\t<div class=\"elementor-element elementor-element-1ea7d0d elementor-widget elementor-widget-text-editor\" data-id=\"1ea7d0d\" data-element_type=\"widget\" data-widget_type=\"text-editor.default\">\n\t\t\t\t<div class=\"elementor-widget-container\">\n\t\t\t<style>\/*! elementor - v3.6.7 - 03-07-2022 *\/\n.elementor-widget-text-editor.elementor-drop-cap-view-stacked .elementor-drop-cap{background-color:#818a91;color:#fff}.elementor-widget-text-editor.elementor-drop-cap-view-framed .elementor-drop-cap{color:#818a91;border:3px solid;background-color:transparent}.elementor-widget-text-editor:not(.elementor-drop-cap-view-default) .elementor-drop-cap{margin-top:8px}.elementor-widget-text-editor:not(.elementor-drop-cap-view-default) .elementor-drop-cap-letter{width:1em;height:1em}.elementor-widget-text-editor .elementor-drop-cap{float:left;text-align:center;line-height:1;font-size:50px}.elementor-widget-text-editor .elementor-drop-cap-letter{display:inline-block}<\/style>\t\t\t\t<p>Within the area of Kopacki rit Nature Park, the visitors are allowed to walk only in the areas and paths marked for sightseeing and visiting.<\/p><p>We ask visitors to respect the rules of conduct and cooperate with the Park staff.<\/p><p>In the Nature Park area it is not allowed to:<\/p><ul><li>harvest, collect, damage or destroy plants and fungi<\/li><li>disturb, injure, collect or kill animals and damage the nests<\/li><li>Nije dopu\u0161teno bacanje otpadaka i opu\u0161aka<\/li><li>Zabranjeno je paljenje vatre<\/li><li>keep your dogs without a leash<\/li><li>swim<\/li><li>camp<\/li><li>Sports and recreational fishing is permitted only with the previously obtained permit issued by the Park and only at certain locations<\/li><li>to shoot or photograph for commercial purposes without the permission of the Park<\/li><li>do all types of touristic-, catering- or trade business without the concession of the Park<\/li><\/ul>\t\t\t\t\t\t<\/div>\n\t\t\t\t<\/div>\n\t\t\t\t\t<\/div>\n\t\t<\/div>\n\t\t\t\t<div class=\"elementor-column elementor-col-50 elementor-top-column elementor-element elementor-element-ba9f622\" data-id=\"ba9f622\" data-element_type=\"column\">\n\t\t\t<div class=\"elementor-widget-wrap elementor-element-populated\">\n\t\t\t\t\t\t\t\t<div class=\"elementor-element elementor-element-6c98ed8 elementor-widget elementor-widget-image\" data-id=\"6c98ed8\" data-element_type=\"widget\" data-widget_type=\"image.default\">\n\t\t\t\t<div class=\"elementor-widget-container\">\n\t\t\t<style>\/*! elementor - v3.6.7 - 03-07-2022 *\/\n.elementor-widget-image{text-align:center}.elementor-widget-image a{display:inline-block}.elementor-widget-image a img[src$=\".svg\"]{width:48px}.elementor-widget-image img{vertical-align:middle;display:inline-block}<\/style>\t\t\t\t\t\t\t\t\t\t\t\t<img loading=\"lazy\" decoding=\"async\" width=\"1259\" height=\"2492\" src=\"https:\/\/pec-tikves.pp-kopacki-rit.hr\/wp-content\/uploads\/2022\/03\/pravila-ponasanja-2.png\" class=\"attachment-full size-full\" alt=\"\" srcset=\"https:\/\/pec-tikves.pp-kopacki-rit.hr\/wp-content\/uploads\/2022\/03\/pravila-ponasanja-2.png 1259w, https:\/\/pec-tikves.pp-kopacki-rit.hr\/wp-content\/uploads\/2022\/03\/pravila-ponasanja-2-152x300.png 152w, https:\/\/pec-tikves.pp-kopacki-rit.hr\/wp-content\/uploads\/2022\/03\/pravila-ponasanja-2-517x1024.png 517w, https:\/\/pec-tikves.pp-kopacki-rit.hr\/wp-content\/uploads\/2022\/03\/pravila-ponasanja-2-768x1520.png 768w, https:\/\/pec-tikves.pp-kopacki-rit.hr\/wp-content\/uploads\/2022\/03\/pravila-ponasanja-2-776x1536.png 776w, https:\/\/pec-tikves.pp-kopacki-rit.hr\/wp-content\/uploads\/2022\/03\/pravila-ponasanja-2-1035x2048.png 1035w, https:\/\/pec-tikves.pp-kopacki-rit.hr\/wp-content\/uploads\/2022\/03\/pravila-ponasanja-2-6x12.png 6w, https:\/\/pec-tikves.pp-kopacki-rit.hr\/wp-content\/uploads\/2022\/03\/pravila-ponasanja-2-500x990.png 500w, https:\/\/pec-tikves.pp-kopacki-rit.hr\/wp-content\/uploads\/2022\/03\/pravila-ponasanja-2-800x1583.png 800w, https:\/\/pec-tikves.pp-kopacki-rit.hr\/wp-content\/uploads\/2022\/03\/pravila-ponasanja-2-202x400.png 202w\" sizes=\"auto, (max-width: 1259px) 100vw, 1259px\" \/>\t\t\t\t\t\t\t\t\t\t\t\t\t\t\t<\/div>\n\t\t\t\t<\/div>\n\t\t\t\t\t<\/div>\n\t\t<\/div>\n\t\t\t\t\t\t\t<\/div>\n\t\t<\/section>\n\t\t\t\t\t\t\t<\/div>","protected":false},"excerpt":{"rendered":"<p>Nije dozvoljeno uno\u0161enje hrane i pi\u0107a u postave Nije dozvoljen ulaz ku\u0107nih [&hellip;]<\/p>","protected":false},"author":1,"featured_media":0,"parent":0,"menu_order":0,"comment_status":"closed","ping_status":"closed","template":"","meta":{"inline_featured_image":false,"_vp_format_video_url":"","_vp_image_focal_point":[],"footnotes":""},"class_list":["post-478","page","type-page","status-publish","hentry"],"aioseo_notices":[],"_links":{"self":[{"href":"https:\/\/pec-tikves.pp-kopacki-rit.hr\/en\/wp-json\/wp\/v2\/pages\/478","targetHints":{"allow":["GET"]}}],"collection":[{"href":"https:\/\/pec-tikves.pp-kopacki-rit.hr\/en\/wp-json\/wp\/v2\/pages"}],"about":[{"href":"https:\/\/pec-tikves.pp-kopacki-rit.hr\/en\/wp-json\/wp\/v2\/types\/page"}],"author":[{"embeddable":true,"href":"https:\/\/pec-tikves.pp-kopacki-rit.hr\/en\/wp-json\/wp\/v2\/users\/1"}],"replies":[{"embeddable":true,"href":"https:\/\/pec-tikves.pp-kopacki-rit.hr\/en\/wp-json\/wp\/v2\/comments?post=478"}],"version-history":[{"count":14,"href":"https:\/\/pec-tikves.pp-kopacki-rit.hr\/en\/wp-json\/wp\/v2\/pages\/478\/revisions"}],"predecessor-version":[{"id":838,"href":"https:\/\/pec-tikves.pp-kopacki-rit.hr\/en\/wp-json\/wp\/v2\/pages\/478\/revisions\/838"}],"wp:attachment":[{"href":"https:\/\/pec-tikves.pp-kopacki-rit.hr\/en\/wp-json\/wp\/v2\/media?parent=478"}],"curies":[{"name":"wp","href":"https:\/\/api.w.org\/{rel}","templated":true}]}}