{"id":584,"date":"2022-07-25T09:31:46","date_gmt":"2022-07-25T09:31:46","guid":{"rendered":"https:\/\/pec-tikves.pp-kopacki-rit.hr\/?page_id=584"},"modified":"2026-01-07T08:58:15","modified_gmt":"2026-01-07T08:58:15","slug":"grupni-posjeti","status":"publish","type":"page","link":"https:\/\/pec-tikves.pp-kopacki-rit.hr\/en\/grupni-posjeti\/","title":{"rendered":"Grupni posjeti &#8211; cjenik za 2026. godinu"},"content":{"rendered":"<table id=\"tablepress-3\" class=\"tablepress tablepress-id-3 cjenik-table\">\n<thead>\n<tr class=\"row-1 odd\">\n\t<th colspan=\"3\" class=\"column-1\">PRESENTATION-EDUCATIONAL CENTER TIKVE\u0160 <br \/>\nPRICE LIST FOR GROUP VISITS <\/th>\n<\/tr>\n<\/thead>\n<tbody class=\"row-hover\">\n<tr class=\"row-2 even\">\n\t<td class=\"column-1\"><\/td><td class=\"column-2\">Adults (groups 25 people and more) <\/td><td class=\"column-3\">Children, students and pensioners (groups 25 people and more)<\/td>\n<\/tr>\n<tr class=\"row-3 odd\">\n\t<td class=\"column-1\">Tour of the exhibition of PEC Tikve\u0161 <\/td><td class=\"column-2\">8,00 \u20ac<\/td><td class=\"column-3\">6,00 \u20ac<\/td>\n<\/tr>\n<tr class=\"row-4 even\">\n\t<td class=\"column-1\">Family ticket (2 adults + 2 children)<\/td><td colspan=\"2\" class=\"column-2\">19,00 \u20ac (dodatno dijete + 2,00 \u20ac )<\/td>\n<\/tr>\n<tr class=\"row-5 odd\">\n\t<td class=\"column-1\">Professional guidance through the exhibition in Croatian<\/td><td colspan=\"2\" class=\"column-2\">30,00 \u20ac<\/td>\n<\/tr>\n<tr class=\"row-6 even\">\n\t<td class=\"column-1\">Professional guidance through the exhibition in English<\/td><td colspan=\"2\" class=\"column-2\">40,00 \u20ac<\/td>\n<\/tr>\n<tr class=\"row-7 odd\">\n\t<td class=\"column-1\">Najam audio vodi\u010da na hrvatskom ili engleskom jeziku<\/td><td colspan=\"2\" class=\"column-2\">2,00 \u20ac<\/td>\n<\/tr>\n<\/tbody>\n<\/table>\n<!-- #tablepress-3 from cache -->\n\n\n\n<p><\/p>\n\n\n\n<p>Notes: <\/p>\n\n\n\n<ul class=\"wp-block-list\">\n<li><strong>group is considered min. 25 people<\/strong><\/li>\n\n\n\n<li><strong>reservation by phone or e-mail is required for all programs (written reservation is required for groups)<\/strong><\/li>\n\n\n\n<li><strong>The deadline for canceling the announced visit is at least 24 hours before the scheduled date<\/strong><\/li>\n\n\n\n<li><strong>djeca&nbsp;<\/strong><strong>children up to 4 years of age accompanied by their parents do not pay the ticket<\/strong><\/li>\n\n\n\n<li><strong>odobrava se popust za individualne korisnike e-Dje\u010dje kartice za program izlet brodom u okviru projekta \u201eMudrica\u201c Sredi\u0161njeg dr\u017eavnog ureda za demografiju i mlade:<\/strong>\n<ul class=\"wp-block-list\">\n<li><strong>Family with 1 child: 10% discount on the existing price of the service<\/strong><\/li>\n\n\n\n<li><strong>Family with 2 children: 20% discount on the existing price of the service<\/strong><\/li>\n\n\n\n<li><strong>Family with 3 or more children: 30% discount on the existing price of the service<\/strong><\/li>\n<\/ul>\n<\/li>\n\n\n\n<li><strong>na svaku grupu od 15 u\u010denika ili pred\u0161kolske djece 1 u\u010ditelj\/nastavnik ima pravo na besplatnu &nbsp;ulaznicu<\/strong><\/li>\n\n\n\n<li><strong>Osobe s posebnim potrebama te osobe sa invaliditetom preko 50% i jedna osoba u pratnji, uz predo\u010denje dokaza o priznatom statusu (iskaznica, rje\u0161enje ili dr.) ostvaruju popust od 50%<\/strong><\/li>\n\n\n\n<li><strong>popusti se me\u0111usobno isklju\u010duju<\/strong><\/li>\n\n\n\n<li><strong>tvrtke koje se bave turisti\u010dkom djelatno\u0161\u0107u, a koje prethodno sklope Ugovor o&nbsp; suradnji s Javnom ustanovom ostvaruju popust od 5% odnosno 10% na kraju teku\u0107e godine. Uvjeti ostvarivanja popusta u jednoj godini su sljede\u0107i:<\/strong><\/li>\n\n\n\n<li><strong>up to 500 visitors - 0% discount<\/strong><\/li>\n\n\n\n<li><strong>from 501 to 1500 visitors - 5% discount<\/strong><\/li>\n\n\n\n<li><strong>from 1501 to 2500 - 10% discount<\/strong><\/li>\n\n\n\n<li><strong>The public institution \"Kopa\u010dki rit Nature Park\" reserves the right to amend the price list during the year.<\/strong><\/li>\n\n\n\n<li><strong>All income generated by the Public Institution \"Kopa\u010dki rit Nature Park\" in accordance with the price list above is used exclusively for the protection, preservation and promotion of the Kopa\u010dki rit Nature Park.<\/strong><\/li>\n<\/ul>\n\n\n\n<p><\/p>","protected":false},"excerpt":{"rendered":"<p>Notes:<\/p>","protected":false},"author":1,"featured_media":0,"parent":0,"menu_order":0,"comment_status":"closed","ping_status":"closed","template":"","meta":{"inline_featured_image":false,"_vp_format_video_url":"","_vp_image_focal_point":[],"footnotes":""},"class_list":["post-584","page","type-page","status-publish","hentry"],"aioseo_notices":[],"_links":{"self":[{"href":"https:\/\/pec-tikves.pp-kopacki-rit.hr\/en\/wp-json\/wp\/v2\/pages\/584","targetHints":{"allow":["GET"]}}],"collection":[{"href":"https:\/\/pec-tikves.pp-kopacki-rit.hr\/en\/wp-json\/wp\/v2\/pages"}],"about":[{"href":"https:\/\/pec-tikves.pp-kopacki-rit.hr\/en\/wp-json\/wp\/v2\/types\/page"}],"author":[{"embeddable":true,"href":"https:\/\/pec-tikves.pp-kopacki-rit.hr\/en\/wp-json\/wp\/v2\/users\/1"}],"replies":[{"embeddable":true,"href":"https:\/\/pec-tikves.pp-kopacki-rit.hr\/en\/wp-json\/wp\/v2\/comments?post=584"}],"version-history":[{"count":12,"href":"https:\/\/pec-tikves.pp-kopacki-rit.hr\/en\/wp-json\/wp\/v2\/pages\/584\/revisions"}],"predecessor-version":[{"id":1088,"href":"https:\/\/pec-tikves.pp-kopacki-rit.hr\/en\/wp-json\/wp\/v2\/pages\/584\/revisions\/1088"}],"wp:attachment":[{"href":"https:\/\/pec-tikves.pp-kopacki-rit.hr\/en\/wp-json\/wp\/v2\/media?parent=584"}],"curies":[{"name":"wp","href":"https:\/\/api.w.org\/{rel}","templated":true}]}}