{"id":592,"date":"2022-07-25T09:54:28","date_gmt":"2022-07-25T09:54:28","guid":{"rendered":"https:\/\/pec-tikves.pp-kopacki-rit.hr\/?page_id=592"},"modified":"2026-01-07T08:57:08","modified_gmt":"2026-01-07T08:57:08","slug":"individualni-posjeti","status":"publish","type":"page","link":"https:\/\/pec-tikves.pp-kopacki-rit.hr\/en\/individualni-posjeti\/","title":{"rendered":"Individualni posjeti &#8211; cjenik za 2026.godinu"},"content":{"rendered":"<p class=\"has-text-align-center has-large-font-size\"><\/p>\n\n\n\n<div class=\"wp-block-media-text alignwide is-stacked-on-mobile\"><figure class=\"wp-block-media-text__media\"><\/figure><div class=\"wp-block-media-text__content\">\n<p><\/p>\n<\/div><\/div>\n\n\n\n<table id=\"tablepress-4\" class=\"tablepress tablepress-id-4 cjenik-table\">\n<thead>\n<tr class=\"row-1 odd\">\n\t<th colspan=\"4\" class=\"column-1\">PRESENTATION-EDUCATIONAL CENTER TIKVE\u0160 PRICE LIST FOR INDIVIDUAL VISITS\n\nHRK\/EUR\nPayment options: in HRK or by credit cards\nPayment in EUR from 1st January 2023.<\/th>\n<\/tr>\n<\/thead>\n<tbody class=\"row-hover\">\n<tr class=\"row-2 even\">\n\t<td class=\"column-1\"><\/td><td class=\"column-2\">Adults <\/td><td class=\"column-3\">Children, students and pensioners<\/td><td class=\"column-4\">Odrasli grupa<br \/>\n(25 i vi\u0161e)<\/td>\n<\/tr>\n<tr class=\"row-3 odd\">\n\t<td class=\"column-1\">Tour of the exhibition of PEC Tikve\u0161<\/td><td class=\"column-2\">9,00 \u20ac<\/td><td class=\"column-3\">6,00 \u20ac<\/td><td class=\"column-4\">8,00 \u20ac<\/td>\n<\/tr>\n<tr class=\"row-4 even\">\n\t<td class=\"column-1\">Family ticket (2 adults + 2 children) <\/td><td colspan=\"2\" class=\"column-2\">19,00 \u20ac (dodatno dijete + 2,00 \u20ac)<\/td><td class=\"column-4\"><\/td>\n<\/tr>\n<tr class=\"row-5 odd\">\n\t<td class=\"column-1\">Professional guidance through the exhibition in Croatian <\/td><td colspan=\"2\" class=\"column-2\">30,00 \u20ac<\/td><td class=\"column-4\"><\/td>\n<\/tr>\n<tr class=\"row-6 even\">\n\t<td class=\"column-1\">Professional guidance through the exhibition in English <\/td><td colspan=\"2\" class=\"column-2\">40,00 \u20ac<\/td><td class=\"column-4\"><\/td>\n<\/tr>\n<tr class=\"row-7 odd\">\n\t<td class=\"column-1\">Najam audio vodi\u010da na hrvatskom ili engleskom  jeziku<\/td><td colspan=\"2\" class=\"column-2\">2,00 \u20ac\/sat<\/td><td class=\"column-4\"><\/td>\n<\/tr>\n<\/tbody>\n<\/table>\n<!-- #tablepress-4 from cache -->\n\n\n\n<ul class=\"wp-block-list\">\n<li>group is considered min. 25 people<\/li>\n\n\n\n<li>reservation by phone or e-mail is required for all programs (written reservation is required for groups)<\/li>\n\n\n\n<li>The deadline for canceling the announced visit is at least 24 hours before the scheduled date<\/li>\n\n\n\n<li>children up to 4 years of age accompanied by their parents do not pay the ticket<\/li>\n\n\n\n<li>odobrava se popust za individualne korisnike e-Dje\u010dje kartice za program izlet brodomu okviru projekta &#8220;Mudrica&#8221; Sredi\u0161njeg dr\u017eavnog ureda za demografiju i mlade:                                        <strong>Family with 1 child: 10% discount on the existing price of the service<\/strong>                                                    <strong>Family with 2 children: 20% discount on the existing price of the service<\/strong>                                                         <strong>Family with 3 or more children: 30% discount on the existing price of the service<\/strong><\/li>\n\n\n\n<li>na svaku grupu od 15 u\u010denika ili pred\u0161kolske djece 1 u\u010ditelj\/nastavnik ima pravo na besplatnu ulaznicu<\/li>\n\n\n\n<li><strong>Osobe s posebnim potrebama te osobe sa invaliditetom preko 50% i jedna osoba u pratnji, uz predo\u010denje dokaza o priznatom statusu (iskaznica, rje\u0161enje ili dr.) ostvaruju popust od 50%<\/strong><\/li>\n\n\n\n<li><strong>popusti se me\u0111usobno isklju\u010duju<\/strong><\/li>\n\n\n\n<li>companies engaged in tourism, which have previously concluded a Cooperation Agreement with a Public Institution, receive a 5% or 10% discount at the end of the current year. The conditions for obtaining a discount in one year are as follows:\n<ul class=\"wp-block-list\">\n<li>up to 500 visitors - 0% discount<\/li>\n\n\n\n<li>from 501 to 1500 visitors - 5% discount<\/li>\n\n\n\n<li>from 1501 to 2500 - 10% discount<\/li>\n<\/ul>\n<\/li>\n<\/ul>\n\n\n\n<p><\/p>\n\n\n\n<p>The public institution \"Kopa\u010dki rit Nature Park\" reserves the right to amend the price list during the year.<\/p>","protected":false},"excerpt":{"rendered":"<p>Javna ustanova \u201ePark prirode Kopa\u010dki rit\u201c zadr\u017eava pravo izmjene i dopune cjenika [&hellip;]<\/p>","protected":false},"author":1,"featured_media":0,"parent":0,"menu_order":0,"comment_status":"closed","ping_status":"closed","template":"","meta":{"inline_featured_image":false,"_vp_format_video_url":"","_vp_image_focal_point":[],"footnotes":""},"class_list":["post-592","page","type-page","status-publish","hentry"],"aioseo_notices":[],"_links":{"self":[{"href":"https:\/\/pec-tikves.pp-kopacki-rit.hr\/en\/wp-json\/wp\/v2\/pages\/592","targetHints":{"allow":["GET"]}}],"collection":[{"href":"https:\/\/pec-tikves.pp-kopacki-rit.hr\/en\/wp-json\/wp\/v2\/pages"}],"about":[{"href":"https:\/\/pec-tikves.pp-kopacki-rit.hr\/en\/wp-json\/wp\/v2\/types\/page"}],"author":[{"embeddable":true,"href":"https:\/\/pec-tikves.pp-kopacki-rit.hr\/en\/wp-json\/wp\/v2\/users\/1"}],"replies":[{"embeddable":true,"href":"https:\/\/pec-tikves.pp-kopacki-rit.hr\/en\/wp-json\/wp\/v2\/comments?post=592"}],"version-history":[{"count":20,"href":"https:\/\/pec-tikves.pp-kopacki-rit.hr\/en\/wp-json\/wp\/v2\/pages\/592\/revisions"}],"predecessor-version":[{"id":1087,"href":"https:\/\/pec-tikves.pp-kopacki-rit.hr\/en\/wp-json\/wp\/v2\/pages\/592\/revisions\/1087"}],"wp:attachment":[{"href":"https:\/\/pec-tikves.pp-kopacki-rit.hr\/en\/wp-json\/wp\/v2\/media?parent=592"}],"curies":[{"name":"wp","href":"https:\/\/api.w.org\/{rel}","templated":true}]}}