{"id":674,"date":"2022-07-27T10:41:00","date_gmt":"2022-07-27T10:41:00","guid":{"rendered":"https:\/\/pec-tikves.pp-kopacki-rit.hr\/?page_id=674"},"modified":"2022-07-27T10:48:21","modified_gmt":"2022-07-27T10:48:21","slug":"zanimljivosti","status":"publish","type":"page","link":"https:\/\/pec-tikves.pp-kopacki-rit.hr\/en\/zanimljivosti\/","title":{"rendered":"Interesting Facts"},"content":{"rendered":"<div data-elementor-type=\"wp-page\" data-elementor-id=\"674\" class=\"elementor elementor-674\">\n\t\t\t\t\t\t\t\t\t<section class=\"elementor-section elementor-top-section elementor-element elementor-element-73d6f706 elementor-section-boxed elementor-section-height-default elementor-section-height-default\" data-id=\"73d6f706\" data-element_type=\"section\">\n\t\t\t\t\t\t<div class=\"elementor-container elementor-column-gap-default\">\n\t\t\t\t\t<div class=\"elementor-column elementor-col-100 elementor-top-column elementor-element elementor-element-235f7c21\" data-id=\"235f7c21\" data-element_type=\"column\">\n\t\t\t<div class=\"elementor-widget-wrap elementor-element-populated\">\n\t\t\t\t\t\t\t\t<div class=\"elementor-element elementor-element-626c8192 elementor-widget elementor-widget-heading\" data-id=\"626c8192\" data-element_type=\"widget\" data-widget_type=\"heading.default\">\n\t\t\t\t<div class=\"elementor-widget-container\">\n\t\t\t<style>\/*! elementor - v3.6.7 - 03-07-2022 *\/\n.elementor-heading-title{padding:0;margin:0;line-height:1}.elementor-widget-heading .elementor-heading-title[class*=elementor-size-]>a{color:inherit;font-size:inherit;line-height:inherit}.elementor-widget-heading .elementor-heading-title.elementor-size-small{font-size:15px}.elementor-widget-heading .elementor-heading-title.elementor-size-medium{font-size:19px}.elementor-widget-heading .elementor-heading-title.elementor-size-large{font-size:29px}.elementor-widget-heading .elementor-heading-title.elementor-size-xl{font-size:39px}.elementor-widget-heading .elementor-heading-title.elementor-size-xxl{font-size:59px}<\/style><h1 class=\"elementor-heading-title elementor-size-default\">ZANIMLJIVOSTI<\/h1>\t\t<\/div>\n\t\t\t\t<\/div>\n\t\t\t\t\t<\/div>\n\t\t<\/div>\n\t\t\t\t\t\t\t<\/div>\n\t\t<\/section>\n\t\t\t\t<section class=\"elementor-section elementor-top-section elementor-element elementor-element-46ad8da3 elementor-section-boxed elementor-section-height-default elementor-section-height-default\" data-id=\"46ad8da3\" data-element_type=\"section\">\n\t\t\t\t\t\t<div class=\"elementor-container elementor-column-gap-default\">\n\t\t\t\t\t<div class=\"elementor-column elementor-col-50 elementor-top-column elementor-element elementor-element-2623b3fc\" data-id=\"2623b3fc\" data-element_type=\"column\">\n\t\t\t<div class=\"elementor-widget-wrap elementor-element-populated\">\n\t\t\t\t\t\t\t\t<section class=\"elementor-section elementor-inner-section elementor-element elementor-element-3328ab5d elementor-section-boxed elementor-section-height-default elementor-section-height-default\" data-id=\"3328ab5d\" data-element_type=\"section\">\n\t\t\t\t\t\t<div class=\"elementor-container elementor-column-gap-default\">\n\t\t\t\t\t<div class=\"elementor-column elementor-col-100 elementor-inner-column elementor-element elementor-element-6b155016 post-content-wrapper\" data-id=\"6b155016\" data-element_type=\"column\">\n\t\t\t<div class=\"elementor-widget-wrap elementor-element-populated\">\n\t\t\t\t\t\t\t\t<div class=\"elementor-element elementor-element-238118a2 elementor-widget elementor-widget-text-editor\" data-id=\"238118a2\" data-element_type=\"widget\" data-widget_type=\"text-editor.default\">\n\t\t\t\t<div class=\"elementor-widget-container\">\n\t\t\t<style>\/*! elementor - v3.6.7 - 03-07-2022 *\/\n.elementor-widget-text-editor.elementor-drop-cap-view-stacked .elementor-drop-cap{background-color:#818a91;color:#fff}.elementor-widget-text-editor.elementor-drop-cap-view-framed .elementor-drop-cap{color:#818a91;border:3px solid;background-color:transparent}.elementor-widget-text-editor:not(.elementor-drop-cap-view-default) .elementor-drop-cap{margin-top:8px}.elementor-widget-text-editor:not(.elementor-drop-cap-view-default) .elementor-drop-cap-letter{width:1em;height:1em}.elementor-widget-text-editor .elementor-drop-cap{float:left;text-align:center;line-height:1;font-size:50px}.elementor-widget-text-editor .elementor-drop-cap-letter{display:inline-block}<\/style>\t\t\t\t<p>Dvorac Tikve\u0161osim \u0161to je bio omiljeno odmori\u0161te brojnih me\u0111unarodnih dr\u017eavnika i poznatih osoba za lov i ekskluzivni turizam, jedno vrijeme slu\u017eio je i kao zeleni zatvor princu \u0110or\u0111u Kara\u0111or\u0111evi\u0107u.<\/p>\t\t\t\t\t\t<\/div>\n\t\t\t\t<\/div>\n\t\t\t\t\t<\/div>\n\t\t<\/div>\n\t\t\t\t\t\t\t<\/div>\n\t\t<\/section>\n\t\t\t\t\t<\/div>\n\t\t<\/div>\n\t\t\t\t<div class=\"elementor-column elementor-col-50 elementor-top-column elementor-element elementor-element-6b808d0e\" data-id=\"6b808d0e\" data-element_type=\"column\">\n\t\t\t<div class=\"elementor-widget-wrap elementor-element-populated\">\n\t\t\t\t\t\t\t\t<section class=\"elementor-section elementor-inner-section elementor-element elementor-element-7e7d2412 elementor-section-boxed elementor-section-height-default elementor-section-height-default\" data-id=\"7e7d2412\" data-element_type=\"section\">\n\t\t\t\t\t\t<div class=\"elementor-container elementor-column-gap-default\">\n\t\t\t\t\t<div class=\"elementor-column elementor-col-100 elementor-inner-column elementor-element elementor-element-5b21cd8d\" data-id=\"5b21cd8d\" data-element_type=\"column\">\n\t\t\t<div class=\"elementor-widget-wrap elementor-element-populated\">\n\t\t\t\t\t\t\t\t<div class=\"elementor-element elementor-element-5c081e7d elementor-widget elementor-widget-image\" data-id=\"5c081e7d\" data-element_type=\"widget\" data-widget_type=\"image.default\">\n\t\t\t\t<div class=\"elementor-widget-container\">\n\t\t\t<style>\/*! elementor - v3.6.7 - 03-07-2022 *\/\n.elementor-widget-image{text-align:center}.elementor-widget-image a{display:inline-block}.elementor-widget-image a img[src$=\".svg\"]{width:48px}.elementor-widget-image img{vertical-align:middle;display:inline-block}<\/style>\t\t\t\t\t\t\t\t\t\t\t\t<img loading=\"lazy\" decoding=\"async\" width=\"768\" height=\"512\" src=\"https:\/\/pec-tikves.pp-kopacki-rit.hr\/wp-content\/uploads\/2022\/07\/Ladanjska-vila-u-kojoj-je-Dorde-bio-zatocen-768x512.jpg\" class=\"attachment-medium_large size-medium_large\" alt=\"\" srcset=\"https:\/\/pec-tikves.pp-kopacki-rit.hr\/wp-content\/uploads\/2022\/07\/Ladanjska-vila-u-kojoj-je-Dorde-bio-zatocen-768x512.jpg 768w, https:\/\/pec-tikves.pp-kopacki-rit.hr\/wp-content\/uploads\/2022\/07\/Ladanjska-vila-u-kojoj-je-Dorde-bio-zatocen-300x200.jpg 300w, https:\/\/pec-tikves.pp-kopacki-rit.hr\/wp-content\/uploads\/2022\/07\/Ladanjska-vila-u-kojoj-je-Dorde-bio-zatocen-1024x682.jpg 1024w, https:\/\/pec-tikves.pp-kopacki-rit.hr\/wp-content\/uploads\/2022\/07\/Ladanjska-vila-u-kojoj-je-Dorde-bio-zatocen-18x12.jpg 18w, https:\/\/pec-tikves.pp-kopacki-rit.hr\/wp-content\/uploads\/2022\/07\/Ladanjska-vila-u-kojoj-je-Dorde-bio-zatocen-500x333.jpg 500w, https:\/\/pec-tikves.pp-kopacki-rit.hr\/wp-content\/uploads\/2022\/07\/Ladanjska-vila-u-kojoj-je-Dorde-bio-zatocen-800x533.jpg 800w, https:\/\/pec-tikves.pp-kopacki-rit.hr\/wp-content\/uploads\/2022\/07\/Ladanjska-vila-u-kojoj-je-Dorde-bio-zatocen-600x400.jpg 600w, https:\/\/pec-tikves.pp-kopacki-rit.hr\/wp-content\/uploads\/2022\/07\/Ladanjska-vila-u-kojoj-je-Dorde-bio-zatocen.jpg 1280w\" sizes=\"auto, (max-width: 768px) 100vw, 768px\" \/>\t\t\t\t\t\t\t\t\t\t\t\t\t\t\t<\/div>\n\t\t\t\t<\/div>\n\t\t\t\t\t<\/div>\n\t\t<\/div>\n\t\t\t\t\t\t\t<\/div>\n\t\t<\/section>\n\t\t\t\t\t<\/div>\n\t\t<\/div>\n\t\t\t\t\t\t\t<\/div>\n\t\t<\/section>\n\t\t\t\t<section class=\"elementor-section elementor-top-section elementor-element elementor-element-6231ace elementor-section-boxed elementor-section-height-default elementor-section-height-default\" data-id=\"6231ace\" data-element_type=\"section\">\n\t\t\t\t\t\t<div class=\"elementor-container elementor-column-gap-default\">\n\t\t\t\t\t<div class=\"elementor-column elementor-col-50 elementor-top-column elementor-element elementor-element-026aa54\" data-id=\"026aa54\" data-element_type=\"column\">\n\t\t\t<div class=\"elementor-widget-wrap elementor-element-populated\">\n\t\t\t\t\t\t\t\t<section class=\"elementor-section elementor-inner-section elementor-element elementor-element-94ec47d elementor-section-boxed elementor-section-height-default elementor-section-height-default\" data-id=\"94ec47d\" data-element_type=\"section\">\n\t\t\t\t\t\t<div class=\"elementor-container elementor-column-gap-default\">\n\t\t\t\t\t<div class=\"elementor-column elementor-col-100 elementor-inner-column elementor-element elementor-element-b608a04\" data-id=\"b608a04\" data-element_type=\"column\">\n\t\t\t<div class=\"elementor-widget-wrap elementor-element-populated\">\n\t\t\t\t\t\t\t\t<div class=\"elementor-element elementor-element-2afad61 elementor-widget elementor-widget-image\" data-id=\"2afad61\" data-element_type=\"widget\" data-widget_type=\"image.default\">\n\t\t\t\t<div class=\"elementor-widget-container\">\n\t\t\t\t\t\t\t\t\t\t\t\t\t\t\t<img loading=\"lazy\" decoding=\"async\" width=\"576\" height=\"805\" src=\"https:\/\/pec-tikves.pp-kopacki-rit.hr\/wp-content\/uploads\/2022\/07\/Isabella-von-Habsburg.png\" class=\"attachment-medium_large size-medium_large\" alt=\"\" srcset=\"https:\/\/pec-tikves.pp-kopacki-rit.hr\/wp-content\/uploads\/2022\/07\/Isabella-von-Habsburg.png 576w, https:\/\/pec-tikves.pp-kopacki-rit.hr\/wp-content\/uploads\/2022\/07\/Isabella-von-Habsburg-215x300.png 215w, https:\/\/pec-tikves.pp-kopacki-rit.hr\/wp-content\/uploads\/2022\/07\/Isabella-von-Habsburg-9x12.png 9w, https:\/\/pec-tikves.pp-kopacki-rit.hr\/wp-content\/uploads\/2022\/07\/Isabella-von-Habsburg-500x699.png 500w, https:\/\/pec-tikves.pp-kopacki-rit.hr\/wp-content\/uploads\/2022\/07\/Isabella-von-Habsburg-286x400.png 286w\" sizes=\"auto, (max-width: 576px) 100vw, 576px\" \/>\t\t\t\t\t\t\t\t\t\t\t\t\t\t\t<\/div>\n\t\t\t\t<\/div>\n\t\t\t\t\t<\/div>\n\t\t<\/div>\n\t\t\t\t\t\t\t<\/div>\n\t\t<\/section>\n\t\t\t\t\t<\/div>\n\t\t<\/div>\n\t\t\t\t<div class=\"elementor-column elementor-col-50 elementor-top-column elementor-element elementor-element-4e50514\" data-id=\"4e50514\" data-element_type=\"column\">\n\t\t\t<div class=\"elementor-widget-wrap elementor-element-populated\">\n\t\t\t\t\t\t\t\t<section class=\"elementor-section elementor-inner-section elementor-element elementor-element-bc82b72 elementor-section-boxed elementor-section-height-default elementor-section-height-default\" data-id=\"bc82b72\" data-element_type=\"section\">\n\t\t\t\t\t\t<div class=\"elementor-container elementor-column-gap-default\">\n\t\t\t\t\t<div class=\"elementor-column elementor-col-100 elementor-inner-column elementor-element elementor-element-dd37945 post-content-wrapper\" data-id=\"dd37945\" data-element_type=\"column\">\n\t\t\t<div class=\"elementor-widget-wrap elementor-element-populated\">\n\t\t\t\t\t\t\t\t<div class=\"elementor-element elementor-element-7dd9d23 elementor-widget elementor-widget-text-editor\" data-id=\"7dd9d23\" data-element_type=\"widget\" data-widget_type=\"text-editor.default\">\n\t\t\t\t<div class=\"elementor-widget-container\">\n\t\t\t\t\t\t\t<p>U tikve\u0161kom dvorcu imate priliku vidjeti duh Isabele von Habsburg i snjim se fotografirati!<\/p>\t\t\t\t\t\t<\/div>\n\t\t\t\t<\/div>\n\t\t\t\t\t<\/div>\n\t\t<\/div>\n\t\t\t\t\t\t\t<\/div>\n\t\t<\/section>\n\t\t\t\t\t<\/div>\n\t\t<\/div>\n\t\t\t\t\t\t\t<\/div>\n\t\t<\/section>\n\t\t\t\t<section class=\"elementor-section elementor-top-section elementor-element elementor-element-e2ada98 elementor-section-boxed elementor-section-height-default elementor-section-height-default\" data-id=\"e2ada98\" data-element_type=\"section\">\n\t\t\t\t\t\t<div class=\"elementor-container elementor-column-gap-default\">\n\t\t\t\t\t<div class=\"elementor-column elementor-col-50 elementor-top-column elementor-element elementor-element-ee481a0\" data-id=\"ee481a0\" data-element_type=\"column\">\n\t\t\t<div class=\"elementor-widget-wrap elementor-element-populated\">\n\t\t\t\t\t\t\t\t<section class=\"elementor-section elementor-inner-section elementor-element elementor-element-4f0e2e8 elementor-section-boxed elementor-section-height-default elementor-section-height-default\" data-id=\"4f0e2e8\" data-element_type=\"section\">\n\t\t\t\t\t\t<div class=\"elementor-container elementor-column-gap-default\">\n\t\t\t\t\t<div class=\"elementor-column elementor-col-100 elementor-inner-column elementor-element elementor-element-cf7770d post-content-wrapper\" data-id=\"cf7770d\" data-element_type=\"column\">\n\t\t\t<div class=\"elementor-widget-wrap elementor-element-populated\">\n\t\t\t\t\t\t\t\t<div class=\"elementor-element elementor-element-eb34aad elementor-widget elementor-widget-text-editor\" data-id=\"eb34aad\" data-element_type=\"widget\" data-widget_type=\"text-editor.default\">\n\t\t\t\t<div class=\"elementor-widget-container\">\n\t\t\t\t\t\t\t<p>Pomo\u0107u VR tehnologije u objektu Ladanjske vile mo\u017eete zaroniti u podvodni svijet i upustiti se u lov na rije\u010dne vrste riba!<\/p>\t\t\t\t\t\t<\/div>\n\t\t\t\t<\/div>\n\t\t\t\t\t<\/div>\n\t\t<\/div>\n\t\t\t\t\t\t\t<\/div>\n\t\t<\/section>\n\t\t\t\t\t<\/div>\n\t\t<\/div>\n\t\t\t\t<div class=\"elementor-column elementor-col-50 elementor-top-column elementor-element elementor-element-8908795\" data-id=\"8908795\" data-element_type=\"column\">\n\t\t\t<div class=\"elementor-widget-wrap elementor-element-populated\">\n\t\t\t\t\t\t\t\t<section class=\"elementor-section elementor-inner-section elementor-element elementor-element-4cfe445 elementor-section-boxed elementor-section-height-default elementor-section-height-default\" data-id=\"4cfe445\" data-element_type=\"section\">\n\t\t\t\t\t\t<div class=\"elementor-container elementor-column-gap-default\">\n\t\t\t\t\t<div class=\"elementor-column elementor-col-100 elementor-inner-column elementor-element elementor-element-4498bb0\" data-id=\"4498bb0\" data-element_type=\"column\">\n\t\t\t<div class=\"elementor-widget-wrap elementor-element-populated\">\n\t\t\t\t\t\t\t\t<div class=\"elementor-element elementor-element-a69af15 elementor-widget elementor-widget-image\" data-id=\"a69af15\" data-element_type=\"widget\" data-widget_type=\"image.default\">\n\t\t\t\t<div class=\"elementor-widget-container\">\n\t\t\t\t\t\t\t\t\t\t\t\t\t\t\t<img loading=\"lazy\" decoding=\"async\" width=\"768\" height=\"576\" src=\"https:\/\/pec-tikves.pp-kopacki-rit.hr\/wp-content\/uploads\/2022\/07\/vr-slika-768x576.jpg\" class=\"attachment-medium_large size-medium_large\" alt=\"\" srcset=\"https:\/\/pec-tikves.pp-kopacki-rit.hr\/wp-content\/uploads\/2022\/07\/vr-slika-768x576.jpg 768w, https:\/\/pec-tikves.pp-kopacki-rit.hr\/wp-content\/uploads\/2022\/07\/vr-slika-300x225.jpg 300w, https:\/\/pec-tikves.pp-kopacki-rit.hr\/wp-content\/uploads\/2022\/07\/vr-slika-1024x768.jpg 1024w, https:\/\/pec-tikves.pp-kopacki-rit.hr\/wp-content\/uploads\/2022\/07\/vr-slika-16x12.jpg 16w, https:\/\/pec-tikves.pp-kopacki-rit.hr\/wp-content\/uploads\/2022\/07\/vr-slika-500x375.jpg 500w, https:\/\/pec-tikves.pp-kopacki-rit.hr\/wp-content\/uploads\/2022\/07\/vr-slika-800x600.jpg 800w, https:\/\/pec-tikves.pp-kopacki-rit.hr\/wp-content\/uploads\/2022\/07\/vr-slika-533x400.jpg 533w, https:\/\/pec-tikves.pp-kopacki-rit.hr\/wp-content\/uploads\/2022\/07\/vr-slika.jpg 1280w\" sizes=\"auto, (max-width: 768px) 100vw, 768px\" \/>\t\t\t\t\t\t\t\t\t\t\t\t\t\t\t<\/div>\n\t\t\t\t<\/div>\n\t\t\t\t\t<\/div>\n\t\t<\/div>\n\t\t\t\t\t\t\t<\/div>\n\t\t<\/section>\n\t\t\t\t\t<\/div>\n\t\t<\/div>\n\t\t\t\t\t\t\t<\/div>\n\t\t<\/section>\n\t\t\t\t\t\t\t<\/div>","protected":false},"excerpt":{"rendered":"<p>ZANIMLJIVOSTI Dvorac Tikve\u0161osim \u0161to je bio omiljeno odmori\u0161te brojnih me\u0111unarodnih dr\u017eavnika i [&hellip;]<\/p>","protected":false},"author":1,"featured_media":0,"parent":0,"menu_order":0,"comment_status":"closed","ping_status":"closed","template":"template-regular.php","meta":{"inline_featured_image":false,"_vp_format_video_url":"","_vp_image_focal_point":[],"footnotes":""},"class_list":["post-674","page","type-page","status-publish","hentry"],"aioseo_notices":[],"_links":{"self":[{"href":"https:\/\/pec-tikves.pp-kopacki-rit.hr\/en\/wp-json\/wp\/v2\/pages\/674","targetHints":{"allow":["GET"]}}],"collection":[{"href":"https:\/\/pec-tikves.pp-kopacki-rit.hr\/en\/wp-json\/wp\/v2\/pages"}],"about":[{"href":"https:\/\/pec-tikves.pp-kopacki-rit.hr\/en\/wp-json\/wp\/v2\/types\/page"}],"author":[{"embeddable":true,"href":"https:\/\/pec-tikves.pp-kopacki-rit.hr\/en\/wp-json\/wp\/v2\/users\/1"}],"replies":[{"embeddable":true,"href":"https:\/\/pec-tikves.pp-kopacki-rit.hr\/en\/wp-json\/wp\/v2\/comments?post=674"}],"version-history":[{"count":14,"href":"https:\/\/pec-tikves.pp-kopacki-rit.hr\/en\/wp-json\/wp\/v2\/pages\/674\/revisions"}],"predecessor-version":[{"id":689,"href":"https:\/\/pec-tikves.pp-kopacki-rit.hr\/en\/wp-json\/wp\/v2\/pages\/674\/revisions\/689"}],"wp:attachment":[{"href":"https:\/\/pec-tikves.pp-kopacki-rit.hr\/en\/wp-json\/wp\/v2\/media?parent=674"}],"curies":[{"name":"wp","href":"https:\/\/api.w.org\/{rel}","templated":true}]}}